{"id":687,"date":"2014-08-13T15:41:47","date_gmt":"2014-08-13T15:41:47","guid":{"rendered":"http:\/\/10.200.87.50\/mppee\/?page_id=687"},"modified":"2023-07-28T19:31:15","modified_gmt":"2023-07-28T19:31:15","slug":"filosofia-de-gestion","status":"publish","type":"page","link":"https:\/\/mppee.gob.ve\/?page_id=687","title":{"rendered":"Filosof\u00eda de Gesti\u00f3n"},"content":{"rendered":"<h2 style=\"text-align: justify;\">Visi\u00f3n<\/h2>\n<p style=\"text-align: justify;\">Ser el \u00f3rgano del Estado venezolano, que dirija y regule estrat\u00e9gicamente la transformaci\u00f3n del servicio el\u00e9ctrico para convertirlo en motor del desarrollo end\u00f3geno, sustentable, soberano y en resguardo del ambiente; apoyados en una organizaci\u00f3n caracterizada por elevados niveles de eficiencia, eficacia y efectividad en sus procesos, e integrada por personal de alto rendimiento, proactivos, diligentes y con total orientaci\u00f3n hacia la construcci\u00f3n de la sociedad socialista.<\/p>\n<p style=\"text-align: justify;\">\u00a0<\/p>\n<h2 style=\"text-align: justify;\">Misi\u00f3n<\/h2>\n<p style=\"text-align: justify;\">El Ministerio del Poder Popular para la Energ\u00eda El\u00e9ctrica es el \u00f3rgano del Ejecutivo Nacional encargado de la formulaci\u00f3n, adopci\u00f3n, seguimiento y evaluaci\u00f3n de las pol\u00edticas y planes dirigidos a garantizar la optimizaci\u00f3n de la prestaci\u00f3n del servicio el\u00e9ctrico, constituy\u00e9ndose en soporte estrat\u00e9gico para el impulso del desarrollo end\u00f3geno de Venezuela y a la construcci\u00f3n de una sociedad socialista.<\/p>\n<p style=\"text-align: justify;\">\u00a0<\/p>\n<h2 style=\"text-align: justify;\">Principios y Valores<\/h2>\n<p style=\"text-align: justify;\"><strong>Eficacia:<\/strong> en cuanto al cumplimiento de los objetivos, metas y actividades y tareas pautadas conforme a indicadores cuantitativos dise\u00f1ados para tal fin, a ser propuestos en los respectivos planes, programas y proyectos.<\/p>\n<p style=\"text-align: justify;\"><strong>Eficiencia:<\/strong> En cuanto a la utilizaci\u00f3n racional de los recursos disponibles conforme a indicadores cuantitativos dise\u00f1ados para tal fin.<\/p>\n<p style=\"text-align: justify;\"><strong>Celeridad:<\/strong> en cuanto a la atenci\u00f3n, respuesta oportuna y cumplimiento de los lapsos administrativos establecidos en la ley. Optimizaci\u00f3n de los tiempos de respuesta de la instituci\u00f3n ante las demandas sociales y ciudadanas, conforme a los indicadores cuantitativos a ser dise\u00f1ados y propuestos para tal fin.<\/p>\n<p style=\"text-align: justify;\"><strong>Transparencia y buena fe:<\/strong> En el suministro, recepci\u00f3n y manejo de informaci\u00f3n oportuna, veraz y accesible por igual a todos los sectores sociales, sobre su gesti\u00f3n, actuaciones administrativas y manejo de los recursos asignados mediante medios de comunicaci\u00f3n, inform\u00e1ticos, impresos, f\u00edsicos, etc, de amplia cobertura, conforme a los indicadores cuantitativos y cualitativos dise\u00f1ados para tal fin.<\/p>\n<p style=\"text-align: justify;\"><strong> Rendici\u00f3n de Cuenta y Responsabilidad en el Ejercicio:<\/strong> En cuanto a la presentaci\u00f3n oportuna de los resultados de gesti\u00f3n y el cumplimiento de sus funciones, ante los poderes y \u00f3rganos p\u00fablicos competentes en la materia y el colectivo social, conforme a los indicadores cuantitativos dise\u00f1ados y propuestos para tal fin.<\/p>\n<p style=\"text-align: justify;\"><strong>Participaci\u00f3n:<\/strong> En cuanto a la creaci\u00f3n de las estructuras, mecanismos y procedimientos institucionales suficientes y necesarios para propiciar y promover la participaci\u00f3n social en la gesti\u00f3n p\u00fablica desde su planificaci\u00f3n hasta la evaluaci\u00f3n de sus resultados, conforme a los indicadores cuantitativos dise\u00f1ados para tal fin.<\/p>\n","protected":false},"excerpt":{"rendered":"<p>Visi\u00f3n Ser el \u00f3rgano del Estado venezolano, que dirija y regule estrat\u00e9gicamente la transformaci\u00f3n del servicio el\u00e9ctrico para convertirlo en<\/p>\n","protected":false},"author":19,"featured_media":0,"parent":0,"menu_order":0,"comment_status":"closed","ping_status":"open","template":"","meta":{"footnotes":""},"class_list":["post-687","page","type-page","status-publish","hentry"],"_links":{"self":[{"href":"https:\/\/mppee.gob.ve\/index.php?rest_route=\/wp\/v2\/pages\/687","targetHints":{"allow":["GET"]}}],"collection":[{"href":"https:\/\/mppee.gob.ve\/index.php?rest_route=\/wp\/v2\/pages"}],"about":[{"href":"https:\/\/mppee.gob.ve\/index.php?rest_route=\/wp\/v2\/types\/page"}],"author":[{"embeddable":true,"href":"https:\/\/mppee.gob.ve\/index.php?rest_route=\/wp\/v2\/users\/19"}],"replies":[{"embeddable":true,"href":"https:\/\/mppee.gob.ve\/index.php?rest_route=%2Fwp%2Fv2%2Fcomments&post=687"}],"version-history":[{"count":1,"href":"https:\/\/mppee.gob.ve\/index.php?rest_route=\/wp\/v2\/pages\/687\/revisions"}],"predecessor-version":[{"id":89197,"href":"https:\/\/mppee.gob.ve\/index.php?rest_route=\/wp\/v2\/pages\/687\/revisions\/89197"}],"wp:attachment":[{"href":"https:\/\/mppee.gob.ve\/index.php?rest_route=%2Fwp%2Fv2%2Fmedia&parent=687"}],"curies":[{"name":"wp","href":"https:\/\/api.w.org\/{rel}","templated":true}]}}