{"id":688,"date":"2014-08-13T15:43:29","date_gmt":"2014-08-13T20:13:29","guid":{"rendered":"http:\/\/10.200.87.50\/mppee\/?page_id=688"},"modified":"2023-07-28T19:20:25","modified_gmt":"2023-07-28T19:20:25","slug":"politicas","status":"publish","type":"page","link":"https:\/\/mppee.gob.ve\/?page_id=688","title":{"rendered":"Competencias"},"content":{"rendered":"<div class=\"su-list\" style=\"margin-left:0px\">\n<ul>\n<li><i class=\"sui sui-chevron-circle-right\" style=\"color:#C71B1B\"><\/i> Un servicio el\u00e9ctrico dirigido a fomentar el desarrollo integral, org\u00e1nico y sostenido del pa\u00eds.<\/li>\n<\/ul>\n<ul>\n<li><i class=\"sui sui-chevron-circle-right\" style=\"color:#C71B1B\"><\/i> Asignar car\u00e1cter estrat\u00e9gico y de servicio p\u00fablico al servicio el\u00e9ctrico, dada su importancia para el desarrollo nacional, as\u00ed como para la seguridad y defensa nacional.<\/li>\n<\/ul>\n<ul>\n<li><i class=\"sui sui-chevron-circle-right\" style=\"color:#C71B1B\"><\/i> El desarrollo del servicio el\u00e9ctrico debe realizarse y desarrollarse en funci\u00f3n de lo establecido en la Constituci\u00f3n y los planes nacionales de desarrollo. La electricidad es un servicio b\u00e1sico para la prosperidad social y por ende sus objetivos deben estar alineados con los de la sociedad en su conjunto. Es responsabilidad del Estado garantizar dicha alineaci\u00f3n.<\/li>\n<\/ul>\n<ul>\n<li><i class=\"sui sui-chevron-circle-right\" style=\"color:#C71B1B\"><\/i> Es imprescindible que la equidad y la justicia social, principios estos consagrados en la Constituci\u00f3n de la Rep\u00fablica Bolivariana de Venezuela, se expresen en una justa distribuci\u00f3n de la energ\u00eda entre los habitantes del pa\u00eds, en tal sentido es indiscutible la necesidad de reconocer el derecho a todos los venezolanos a contar con un suministro de energ\u00eda el\u00e9ctrica confiable para el desarrollo de las distintas actividades en la cuales deba participar.<\/li>\n<\/ul>\n<ul>\n<li><i class=\"sui sui-chevron-circle-right\" style=\"color:#C71B1B\"><\/i> Ampliar la capacidad instalada de generaci\u00f3n t\u00e9rmica utilizando todos los combustibles que est\u00e9n disponibles en el pa\u00eds.<\/li>\n<\/ul>\n<ul>\n<li><i class=\"sui sui-chevron-circle-right\" style=\"color:#C71B1B\"><\/i> Ampliar y mejorar la red de transmisi\u00f3n y distribuci\u00f3n de energ\u00eda el\u00e9ctrica.<\/li>\n<\/ul>\n<ul>\n<li><i class=\"sui sui-chevron-circle-right\" style=\"color:#C71B1B\"><\/i> Mejorar la eficiencia y calidad de servicio.<\/li>\n<\/ul>\n<ul>\n<li><i class=\"sui sui-chevron-circle-right\" style=\"color:#C71B1B\"><\/i> Las empresas el\u00e9ctricas en Venezuela deben ser propiedad del Estado.<\/li>\n<\/ul>\n<ul>\n<li><i class=\"sui sui-chevron-circle-right\" style=\"color:#C71B1B\"><\/i> Promover la investigaci\u00f3n cient\u00edfica y tecnolog\u00eda en electricidad, as\u00ed como el desarrollo de una industria nacional de equipos materiales el\u00e9ctricos.<\/li>\n<\/ul>\n<ul>\n<li><i class=\"sui sui-chevron-circle-right\" style=\"color:#C71B1B\"><\/i> Las Empresas el\u00e9ctricas deben integrarse verticalmente a fin de garantizar la eficiencia operacional, optimizar los procesos gerenciales y un uso racional de los recursos energ\u00e9ticos, materiales y humanos.<\/li>\n<\/ul>\n<ul>\n<li><i class=\"sui sui-chevron-circle-right\" style=\"color:#C71B1B\"><\/i> El Estado venezolano debe propiciar el uso racional de energ\u00eda, a los fines de reducir el consumo de combustibles f\u00f3siles y as\u00ed contribuir a la preservaci\u00f3n del ambiente.<\/li>\n<\/ul>\n<ul>\n<li><i class=\"sui sui-chevron-circle-right\" style=\"color:#C71B1B\"><\/i> Generar espacios y mecanismos formales de participaci\u00f3n ciudadana en las decisiones energ\u00e9ticas.<\/li>\n<\/ul>\n<p>\u00a0<\/div>\n","protected":false},"excerpt":{"rendered":"<p>\u00a0<\/p>\n","protected":false},"author":19,"featured_media":0,"parent":0,"menu_order":0,"comment_status":"closed","ping_status":"closed","template":"","meta":{"footnotes":""},"class_list":["post-688","page","type-page","status-publish","hentry"],"_links":{"self":[{"href":"https:\/\/mppee.gob.ve\/index.php?rest_route=\/wp\/v2\/pages\/688","targetHints":{"allow":["GET"]}}],"collection":[{"href":"https:\/\/mppee.gob.ve\/index.php?rest_route=\/wp\/v2\/pages"}],"about":[{"href":"https:\/\/mppee.gob.ve\/index.php?rest_route=\/wp\/v2\/types\/page"}],"author":[{"embeddable":true,"href":"https:\/\/mppee.gob.ve\/index.php?rest_route=\/wp\/v2\/users\/19"}],"replies":[{"embeddable":true,"href":"https:\/\/mppee.gob.ve\/index.php?rest_route=%2Fwp%2Fv2%2Fcomments&post=688"}],"version-history":[{"count":1,"href":"https:\/\/mppee.gob.ve\/index.php?rest_route=\/wp\/v2\/pages\/688\/revisions"}],"predecessor-version":[{"id":89193,"href":"https:\/\/mppee.gob.ve\/index.php?rest_route=\/wp\/v2\/pages\/688\/revisions\/89193"}],"wp:attachment":[{"href":"https:\/\/mppee.gob.ve\/index.php?rest_route=%2Fwp%2Fv2%2Fmedia&parent=688"}],"curies":[{"name":"wp","href":"https:\/\/api.w.org\/{rel}","templated":true}]}}