{"id":693,"date":"2014-08-13T15:45:13","date_gmt":"2014-08-13T15:45:13","guid":{"rendered":"http:\/\/10.200.87.50\/mppee\/?page_id=693"},"modified":"2023-07-28T19:36:18","modified_gmt":"2023-07-28T19:36:18","slug":"objetivos-estrategicos","status":"publish","type":"page","link":"https:\/\/mppee.gob.ve\/?page_id=693","title":{"rendered":"Objetivos Estrat\u00e9gicos"},"content":{"rendered":"<div class=\"su-list\" style=\"margin-left:0px\">\n<ul>\n<li><i class=\"sui sui-chevron-circle-right\" style=\"color:#C71B1B\"><\/i> Promover la eficiencia, calidad, continuidad, confiablilidad y seguridad en la prestaci\u00f3n del servicio el\u00e9ctrico.<\/li>\n<\/ul>\n<ul>\n<li><i class=\"sui sui-chevron-circle-right\" style=\"color:#C71B1B\"><\/i> Garantizar que toda la demanda nacional de electricidad sea atendida.<\/li>\n<\/ul>\n<ul>\n<li><i class=\"sui sui-chevron-circle-right\" style=\"color:#C71B1B\"><\/i> Asegurar que todas las actividades necesarias para la prestaci\u00f3n del servicio el\u00e9ctrico se realicen de forma que contribuyan a la preservaci\u00f3n del ambiente.<\/li>\n<\/ul>\n<ul>\n<li><i class=\"sui sui-chevron-circle-right\" style=\"color:#C71B1B\"><\/i> Promover el desarrollo cient\u00edfico, tecnol\u00f3gico e industrial del pa\u00eds, en materia de energ\u00eda el\u00e9ctrica.<\/li>\n<\/ul>\n<ul>\n<li><i class=\"sui sui-chevron-circle-right\" style=\"color:#C71B1B\"><\/i> Promover la organizaci\u00f3n de los usuarios y usuarias del servicio el\u00e9ctrico a fin de asegurar la participaci\u00f3n popular en la gesti\u00f3n de las o los prestadores de servicio.<\/li>\n<\/ul>\n<ul>\n<li><i class=\"sui sui-chevron-circle-right\" style=\"color:#C71B1B\"><\/i> Garantizar la participaci\u00f3n activa y protag\u00f3nica de los ciudadanos y ciudadanas, comunidades organizadas en la formulaci\u00f3n, adopci\u00f3n, seguimiento y evaluaci\u00f3n de pol\u00edticas, planes y proyectos en el sector el\u00e9ctrico.<\/li>\n<\/ul>\n<ul>\n<li><i class=\"sui sui-chevron-circle-right\" style=\"color:#C71B1B\"><\/i> Promover el uso de otras fuentes de energ\u00edas alternativas.<\/li>\n<\/ul>\n<ul>\n<li><i class=\"sui sui-chevron-circle-right\" style=\"color:#C71B1B\"><\/i> Asegurar el ejercicio de la contralor\u00eda social mediante la participaci\u00f3n de las organizaciones del poder popular en la ejecuci\u00f3n, seguimiento y control de proyectos del sector.<\/li>\n<\/ul>\n<ul>\n<li><i class=\"sui sui-chevron-circle-right\" style=\"color:#C71B1B\"><\/i> Promover&nbsp; valores,&nbsp; conductas&nbsp; y&nbsp; programas&nbsp; orientados&nbsp; a lograr&nbsp;el&nbsp;uso&nbsp;eficiente&nbsp;de&nbsp;los&nbsp;recursos&nbsp;energ\u00e9ticos.<\/li>\n<\/ul>\n<ul>\n<li><i class=\"sui sui-chevron-circle-right\" style=\"color:#C71B1B\"><\/i> Promover&nbsp; la&nbsp; nueva&nbsp; cultura&nbsp; para&nbsp; el&nbsp; uso&nbsp; de&nbsp; la&nbsp; energ\u00eda el\u00e9ctrica.<\/li>\n<\/ul>\n<p style=\"text-align: justify;\">&nbsp;&nbsp;<\/div>\n","protected":false},"excerpt":{"rendered":"<p>&nbsp;&nbsp;<\/p>\n","protected":false},"author":19,"featured_media":0,"parent":0,"menu_order":0,"comment_status":"closed","ping_status":"open","template":"","meta":{"footnotes":""},"class_list":["post-693","page","type-page","status-publish","hentry"],"_links":{"self":[{"href":"https:\/\/mppee.gob.ve\/index.php?rest_route=\/wp\/v2\/pages\/693","targetHints":{"allow":["GET"]}}],"collection":[{"href":"https:\/\/mppee.gob.ve\/index.php?rest_route=\/wp\/v2\/pages"}],"about":[{"href":"https:\/\/mppee.gob.ve\/index.php?rest_route=\/wp\/v2\/types\/page"}],"author":[{"embeddable":true,"href":"https:\/\/mppee.gob.ve\/index.php?rest_route=\/wp\/v2\/users\/19"}],"replies":[{"embeddable":true,"href":"https:\/\/mppee.gob.ve\/index.php?rest_route=%2Fwp%2Fv2%2Fcomments&post=693"}],"version-history":[{"count":1,"href":"https:\/\/mppee.gob.ve\/index.php?rest_route=\/wp\/v2\/pages\/693\/revisions"}],"predecessor-version":[{"id":89360,"href":"https:\/\/mppee.gob.ve\/index.php?rest_route=\/wp\/v2\/pages\/693\/revisions\/89360"}],"wp:attachment":[{"href":"https:\/\/mppee.gob.ve\/index.php?rest_route=%2Fwp%2Fv2%2Fmedia&parent=693"}],"curies":[{"name":"wp","href":"https:\/\/api.w.org\/{rel}","templated":true}]}}