{"id":695,"date":"2014-08-13T15:46:21","date_gmt":"2014-08-13T15:46:21","guid":{"rendered":"http:\/\/10.200.87.50\/mppee\/?page_id=695"},"modified":"2023-07-28T19:31:15","modified_gmt":"2023-07-28T19:31:15","slug":"historia","status":"publish","type":"page","link":"https:\/\/mppee.gob.ve\/?page_id=695","title":{"rendered":"Historia"},"content":{"rendered":"<p style=\"text-align: justify;\">A finales del a\u00f1o 2009, un conjunto de circunstancias, como el fen\u00f3meno El Ni\u00f1o y los cambios clim\u00e1ticos que afectaron las cuencas hidrogr\u00e1ficas destinadas a la generaci\u00f3n hidroel\u00e9ctrica y, pese a la capacidad instalada result\u00f3 insuficiente para compensar la disminuci\u00f3n de los aportes energ\u00e9ticos, lo cual limit\u00f3 el suministro de energ\u00eda en todos los sectores del pa\u00eds.<\/p>\n<p style=\"text-align: justify;\">Es por ello, que el Presidente de la Rep\u00fablica Bolivariana de Venezuela, Hugo Ch\u00e1vez Fr\u00edas, crea el Ministerio de Poder Popular para la Energ\u00eda El\u00e9ctrica, el 21 de Octubre de 2009 bajo Decreto N\u00b0. 6.991 y publicado en Gaceta Oficial N\u00b0. 39.294 del 28 de Octubre de 2009, con el supremo compromiso y voluntad de lograr la eficacia y eficiencia del Sistema El\u00e9ctrico Nacional, y realizar la reestructuraci\u00f3n de la Corporaci\u00f3n El\u00e9ctrica Nacional (CORPOELEC).<\/p>\n<p style=\"text-align: justify;\">El 28 de octubre de 2009, es designado \u00c1ngel Luis Rodr\u00edguez Gamboa, como primer Ministro del Poder Popular para la Energ\u00eda El\u00e9ctrica y Presidente de CORPOELEC, seg\u00fan el Decreto n\u00famero 6.995, publicado en la Gaceta Oficial N\u00b0 39.294.<\/p>\n<p style=\"text-align: justify;\">El Presidente Ch\u00e1vez decreta el estado de emergencia el 8 de febrero de 2010, en el cual se insta al ministerio, en conjunto con otros organismos del Estado, a realizar programas educativos y campa\u00f1as comunicacionales en las cuales se estimule a la poblaci\u00f3n a hacer uso eficiente y al ahorro de la energ\u00eda el\u00e9ctrica, puesto que la demanda de la misma estaba experimentando un crecimiento acelerado por los distorsionados patrones del consumidor.<\/p>\n<p style=\"text-align: justify;\">El Ministro del Poder Popular para la Energ\u00eda El\u00e9ctrica tiene a su vez la condici\u00f3n de Presidente de la Corporaci\u00f3n El\u00e9ctrica Nacional S. A. (CORPOELEC).<\/p>\n<p style=\"text-align: justify;\">Posteriormente, el 15 de Enero de 2010, en Decreto Presidencial N\u00b0 7.177 se nombra Ministro del Poder Popular para la Energ\u00eda El\u00e9ctrica al ciudadano Al\u00ed Rodr\u00edguez Araque.<\/p>\n<p style=\"text-align: justify;\"><strong>Nuevos retos<\/strong><\/p>\n<p style=\"text-align: justify;\">Al asumir la cartera ministerial y la presidencia de CORPOELEC, Corporaci\u00f3n El\u00e9ctrica Nacional, Rodr\u00edguez Araque, enfrent\u00f3 la crisis del sector el\u00e9ctrico y asumi\u00f3 el proceso de reestructuraci\u00f3n, integraci\u00f3n y consolidaci\u00f3n de las 14 empresas el\u00e9ctricas que operaban en el pa\u00eds.<\/p>\n<p style=\"text-align: justify;\">A finales del a\u00f1o 2010, fue aprobada la Ley Org\u00e1nica del Sistema y Servicio El\u00e9ctrico, con el objetivo de establecer las disposiciones que regulen la prestaci\u00f3n del servicio el\u00e9ctrico, as\u00ed como los intercambios en materia de energ\u00eda.<\/p>\n<p style=\"text-align: justify;\">Corresponde al Ejecutivo Nacional, a trav\u00e9s del Ministerio del Poder Popular para la Energ\u00eda El\u00e9ctrica, la formulaci\u00f3n de pol\u00edticas, la planificaci\u00f3n y el ordenamiento de las actividades del Sistema El\u00e9ctrico Nacional, en los t\u00e9rminos establecidos en el Plan de Desarrollo Econ\u00f3mico y Social de la Naci\u00f3n, en el Plan Nacional de Ordenaci\u00f3n del Territorio y en la pol\u00edtica de integraci\u00f3n energ\u00e9tica.<\/p>\n<p style=\"text-align: justify;\">A mediados del mes de junio de 2011, el Estado Mayor El\u00e9ctrico, autoridad creada para atender la crisis en el sector el\u00e9ctrico, anunci\u00f3 nuevas medidas orientadas a promover y regular el uso racional y eficiente de la energ\u00eda el\u00e9ctrica. En este sentido, las autoridades del MPPEE se reunieron con el sector privado para lanzar el Plan de Ahorro Energ\u00e9tico, que consisti\u00f3 en emplear conscientemente la electricidad en instituciones no gubernamentales.<\/p>\n<p style=\"text-align: justify;\">Gracias a la constancia del entonces Presidente de Corpoelec, Al\u00ed Rodr\u00edguez Araque, se blind\u00f3 la prestaci\u00f3n del servicio con la puesta en marcha de la Planta Termoel\u00e9ctrica de Picure, la cual incorpor\u00f3\u00a0 134 MW para la Gran Caracas. Asimismo, dos gabarras en la Bah\u00eda de Tacoa, llamadas Rufina I y Margarita I, que producen 340 MW m\u00e1s para Sistema El\u00e9ctrico Nacional.<\/p>\n<p style=\"text-align: justify;\">El 6 de septiembre de 2011 el Ejecutivo Nacional nombra a\u00a0 Argenis Ch\u00e1vez Fr\u00edas, como nuevo presidente de CORPOELEC, de acuerdo con el Decreto 8.448 de la Presidencia de la Rep\u00fablica, publicado en la Gaceta Oficial N\u00ba 39751, para asumir el reto de aumentar en 2.000 MW y alcanzar los 18.000 MW, el potencial de generaci\u00f3n el\u00e9ctrica en todo el pa\u00eds.<\/p>\n<p style=\"text-align: justify;\">Luego de superada la crisis, gracias a la disminuci\u00f3n de la demanda el\u00e9ctrica por las medidas de ahorro implementadas por el Ejecutivo Nacional en 2011, el doctor Al\u00ed Rodr\u00edguez Araque es designado a asumir nuevas responsabilidades, igualmente importantes para la regi\u00f3n, siendo nombrado Secretario General de la Uni\u00f3n Suramericana de Naciones (UNASUR).<\/p>\n<p style=\"text-align: justify;\">A principios del a\u00f1o 2012, el diputado H\u00e9ctor Navarro D\u00edaz, es designado como nuevo Ministro del Poder Popular para la Energ\u00eda El\u00e9ctrica, de acuerdo al Decreto Presidencial N\u00ba 8.776.<\/p>\n<p style=\"text-align: justify;\">Navarro asumi\u00f3 este nuevo compromiso con la intenci\u00f3n de darle continuidad a la gesti\u00f3n realizada y a las pol\u00edticas implantadas por Al\u00ed Rodr\u00edguez Araque, de prestar un servicio el\u00e9ctrico de calidad.<\/p>\n<p style=\"text-align: justify;\">Durante el a\u00f1o 2012, el ministro H\u00e9ctor Navarro D\u00edaz, logr\u00f3 que el 70% de las trabajadoras y trabajadores adquirieran una vivienda digna y propia, a trav\u00e9s de la ampliaci\u00f3n del programa, Plan Vivienda; adem\u00e1s de implementar el Plan Vehicular, para aquellos funcionarios que quer\u00edan renovar su autom\u00f3vil, con el financiamiento de una parte del mismo.<\/p>\n<p style=\"text-align: justify;\">Igualmente, Navarro D\u00edaz, se propuso dignificar a los empleados del MPPEE organizando la estructura ministerial junto al Ministerio del Poder Popular de Planificaci\u00f3n y Finanzas y as\u00ed incorporar a la n\u00f3mina fija a la gran mayor\u00eda de los trabajadores, por medio de concursos p\u00fablicos.<\/p>\n<p style=\"text-align: justify;\">Gracias a sus pol\u00edticas reivindicadoras, el ministro Navarro tambi\u00e9n planteo el ingreso a la n\u00f3mina del Ministerio a las trabajadoras y trabajadores tercerizados que se desempe\u00f1aban en contratistas que vejaban su noble labor.<\/p>\n<p style=\"text-align: justify;\"><strong>Estrategias para consolidar el MPPEE<\/strong><\/p>\n<p style=\"text-align: justify;\">Luego de los comicios presidenciales del a\u00f1o 2013, donde result\u00f3 ganador el Presidente Nicol\u00e1s Maduro Moros, es designado como nuevo Ministro del Poder Popular para la Energ\u00eda El\u00e9ctrica, Jesse Chac\u00f3n Escamillo, con el prop\u00f3sito de impulsar el programa \u201cLa Gran Misi\u00f3n El\u00e9ctrica Venezuela\u201d.<\/p>\n<p style=\"text-align: justify;\">El ministro Chac\u00f3n Escamillo, es ingeniero en Sistemas, egresado del Instituto Polit\u00e9cnico de la Fuerza Armada Nacional, obteniendo la distinci\u00f3n Summa Cum Laude, adem\u00e1s de un Postgrado en Telem\u00e1tica del Instituto Nacional de Telecomunicaciones de Francia y la Universidad Sim\u00f3n Bol\u00edvar en Caracas.<\/p>\n<p style=\"text-align: justify;\">Este programa busca fortalecer el Sistema El\u00e9ctrico Nacional, con la aplicaci\u00f3n de nuevas estrategias energ\u00e9ticas, sustentadas en el Uso Racional y Eficiente de la Energ\u00eda, gracias a la implementaci\u00f3n de la campa\u00f1a \u201cSoy Consciente, Consumo Eficiente\u201d, proyecto que se lanza para contribuir con la preservaci\u00f3n de la vida en el planeta y la salvaci\u00f3n de la especie humana, quinto objetivo del Plan de la Patria que busca mejorar la calidad de vida, obtener un ahorro sustancial en el consumo el\u00e9ctrico, e informar acerca del proceso de generaci\u00f3n, transmisi\u00f3n, distribuci\u00f3n y costo de la energ\u00eda.<\/p>\n<p class=\"western\" align=\"justify\"><span style=\"font-family: Times New Roman,serif;\"><span style=\"font-size: medium;\"><b>Gesti\u00f3n del Ministro Luis Motta Dom\u00ednguez <\/b><\/span><\/span><\/p>\n<p class=\"western\" align=\"justify\"><span style=\"font-family: Times New Roman,serif;\"><span style=\"font-size: medium;\">Con el decreto presidencial n\u00famero 1.941, correspondiente a la Gaceta Oficial 40.727, publicado el 19 de agosto de 2015, el Mayor General Luis Motta Dom\u00ednguez asumi\u00f3 el Ministerio del Poder Popular para la Energ\u00eda El\u00e9ctrica, con el compromiso de trabajar para garantizar un mejor servicio al pueblo venezolano. <\/span><\/span><\/p>\n<p class=\"western\" align=\"justify\"><span style=\"font-family: Times New Roman,serif;\"><span style=\"font-size: medium;\">Previamente, Motta Dom\u00ednguez hab\u00eda sido nombrado presidente de la Corporaci\u00f3n El\u00e9ctrica Naci<\/span><\/span><span style=\"font-family: Times New Roman,serif;\"><span style=\"font-size: medium;\">onal (Corpoelec), ente adscrito al MPPEE, de acuerdo al decreto 1.914 de la Presidencia de la Rep\u00fablica, publicado en la Gaceta Oficial n\u00famero 40.714, que circul\u00f3 el 3 de agosto de 2015. <\/span><\/span><\/p>\n<p class=\"western\" align=\"justify\"><span style=\"font-family: Times New Roman,serif;\"><span style=\"font-size: medium;\">El jefe de la cartera el\u00e9ctrica asume el compromiso de llevar adelante una cartera tan importante como la el\u00e9ctrica, bajo la firmeza que el l\u00edder tiene tres cualidades importantes como lo son: el cumplimiento de la misi\u00f3n, la buena administraci\u00f3n de los recursos y el bienestar de su personal. <\/span><\/span><\/p>\n<p class=\"western\" align=\"justify\"><span style=\"font-family: Times New Roman,serif;\"><span style=\"font-size: medium;\">Dentro de sus logros destacan la inversi\u00f3n de <\/span><\/span><span style=\"color: #000000;\"><span style=\"font-family: Times New Roman,serif;\"><span style=\"font-size: medium;\">m\u00e1s de 115 millones de d\u00f3lares en el Sistema El\u00e9ctrico (SEN), la inauguraci\u00f3n de la planta termoel\u00e9ctrica Barquisimeto III en el estado Lara y las subestaciones de transmisi\u00f3n: San Rafael de Onoto y Tur\u00e9n, en Portuguesa; Oasis y Nodal-Pariagu\u00e1n en Anzo\u00e1tegui.<\/span><\/span><\/span><\/p>\n<p class=\"western\" align=\"justify\"><span style=\"color: #000000;\"><span style=\"font-family: Times New Roman,serif;\"><span style=\"font-size: medium;\">Adem\u00e1s de alcanzar grandes retos en el<\/span><\/span><\/span> <span style=\"color: #000000;\"><span style=\"font-family: Times New Roman,serif;\"><span style=\"font-size: medium;\">2016 con la superaci\u00f3n de la crisis energ\u00e9tica causada por el fen\u00f3meno clim\u00e1tico El Ni\u00f1o, que tuvo como pre\u00e1mbulo <\/span><\/span><\/span><span style=\"color: #000000;\"><span style=\"font-family: Times New Roman,serif;\"><span style=\"font-size: medium;\">tres a\u00f1os (2013, 2014 y 2015) considerados como los de<\/span><\/span><\/span><span style=\"color: #000000;\"><span style=\"font-family: Times New Roman,serif;\"><span style=\"font-size: medium;\"> mas baja precipitaci\u00f3n en Venezuela<\/span><\/span><\/span><span style=\"color: #000000;\"><span style=\"font-family: Times New Roman,serif;\"><span style=\"font-size: medium;\">, de acuerdo a los registros hist\u00f3ricos (1969-2015), lo que ocasion\u00f3<\/span><\/span><\/span> <span style=\"color: #000000;\"><span style=\"font-family: Times New Roman,serif;\"><span style=\"font-size: medium;\">a\u00e9reas con fuerte<\/span><\/span><\/span> <span style=\"color: #000000;\"><span style=\"font-family: Times New Roman,serif;\"><span style=\"font-size: medium;\">sequ\u00eda, condici\u00f3n similar a la presentada durante el per\u00edodo 1972-1974 catalogada como una sequ\u00eda mundial centenaria.<\/span><\/span><\/span><\/p>\n<p class=\"western\" align=\"justify\"><span style=\"color: #000000;\"><span style=\"font-family: Times New Roman,serif;\"><span style=\"font-size: medium;\">Es importante mencionar que al producirse fuertes per\u00edodos de sequ\u00edas se afecta gran parte del servicio el\u00e9ctrico nacional, debido a que el 70% de la energ\u00eda que genera la naci\u00f3n proviene de la hidroel\u00e9ctrica, mientras que el 30% restante se obtiene de la termoel\u00e9ctrica. <\/span><\/span><\/span><\/p>\n<p class=\"western\" align=\"justify\"><span style=\"color: #000000;\"><span style=\"font-family: Times New Roman,serif;\"><span style=\"font-size: medium;\">Raz\u00f3n por la cual ante el Fen\u00f3meno El Ni\u00f1o el Gobierno Bolivariano, consider\u00f3 vital seguir construyendo e impulsando un modelo econ\u00f3mico productivo ecosocialista, basado en una relaci\u00f3n arm\u00f3nica del hombre y el planeta, que garantice el uso y aprovechamiento racional, \u00f3ptimo y sostenible de los recursos naturales, aplicando una pol\u00edtica de la Revoluci\u00f3n Bolivariana basada en el ecosocialismo que plantea tener calidad de vida sin destruir el ambiente construyendo una nueva conciencia desde el punto de vista del consumo y el consumismo.<\/span><\/span><\/span><\/p>\n<p class=\"western\" align=\"justify\"><span style=\"color: #000000;\"><span style=\"font-family: Times New Roman,serif;\"><span style=\"font-size: medium;\">Tomando en consideraci\u00f3n lo anterior se<\/span><\/span><\/span> <span style=\"color: #000000;\"><span style=\"font-family: Times New Roman,serif;\"><span style=\"font-size: medium;\">implementaron una series de acciones para administrar y preservar el reservorio de agua de la principal central <\/span><\/span><\/span><span style=\"color: #000000;\"><span style=\"font-family: Times New Roman,serif;\"><span style=\"font-size: medium;\"><span lang=\"es-ES\">hidroel\u00e9ctrica Sim\u00f3n Bol\u00edvar (Guri), ante la intensa sequ\u00eda que gener\u00f3 el fen\u00f3meno El Ni\u00f1o en todo el territorio nacional, entre los cuales estuvo: incremento de la generaci\u00f3n termoel\u00e9ctrica, Operaci\u00f3n Agua Bendita I y II, instalaci\u00f3n del Estado Mayor El\u00e9ctrico, de manera permanente en el Guri, <\/span><\/span><\/span><\/span><span style=\"color: #000000;\"><span style=\"font-family: Times New Roman,serif;\"><span style=\"font-size: medium;\">puesta en marcha de plantas termoel\u00e9ctricas, Plan de Administraci\u00f3n de Carg<\/span><\/span><\/span><span style=\"color: #000000;\"><span style=\"font-family: Times New Roman,serif;\"><span style=\"font-size: medium;\"><span lang=\"es-ES\">a para el sector residencial, incremento de la autogeneraci\u00f3n de los grandes usuarios de 4 a 9 horas y cambio en el huso horario. <\/span><\/span><\/span><\/span><\/p>\n<p class=\"western\" align=\"justify\"><span style=\"color: #000000;\"><span style=\"font-family: Times New Roman,serif;\"><span style=\"font-size: medium;\"><span lang=\"es-ES\">Al igual que la reducci\u00f3n de la jornada laboral en el sector p\u00fablico (con el aumento de los d\u00edas de asueto de la Semana Mayor, establecimiento de los d\u00edas viernes como no laborables que tambi\u00e9n aplic\u00f3 para<\/span><\/span><\/span><\/span> <span style=\"color: #000000;\"><span style=\"font-family: Times New Roman,serif;\"><span style=\"font-size: medium;\"><span lang=\"es-ES\">el sector educativo, durante los meses de abril y mayo y la extensi\u00f3n del decreto de d\u00edas no laborales (mi\u00e9rcoles, jueves y viernes).<\/span><\/span><\/span><\/span><\/p>\n<p class=\"western\" align=\"justify\"><span style=\"color: #000000;\"><span style=\"font-family: Times New Roman,serif;\"><span style=\"font-size: medium;\">Mientras que dentro de las acciones tomadas para la disminuci\u00f3n del consumo de energ\u00eda el\u00e9ctrica,<\/span><\/span><\/span> <span style=\"color: #000000;\"><span style=\"font-family: Times New Roman,serif;\"><span style=\"font-size: medium;\">estuvo<\/span><\/span><\/span> <span style=\"color: #000000;\"><span style=\"font-family: Times New Roman,serif;\"><span style=\"font-size: medium;\">la sustituci\u00f3n de bombillos incandescentes por ahorradores y la Operaci\u00f3n Cambalache, que consiste en el cambio de<\/span><\/span><\/span> <span style=\"color: #000000;\"><span style=\"font-family: Times New Roman,serif;\"><span style=\"font-size: medium;\">aires acondicionados de alto consumo por equipos<\/span><\/span><\/span> <span style=\"color: #000000;\"><span style=\"font-family: Times New Roman,serif;\"><span style=\"font-size: medium;\">eficientes y de bajo consumo.<\/span><\/span><\/span><\/p>\n<p class=\"western\" align=\"justify\"><span style=\"color: #000000;\"><span style=\"font-family: Times New Roman,serif;\"><span style=\"font-size: medium;\">En cuanto a las reivindicaciones a<\/span><\/span><\/span> <span style=\"color: #000000;\"><span style=\"font-family: Times New Roman,serif;\"><span style=\"font-size: medium;\">la masa laboral de la operadora el\u00e9ctrica<\/span><\/span><\/span> <span style=\"color: #000000;\"><span style=\"font-family: Times New Roman,serif;\"><span style=\"font-size: medium;\">se alcanzaron con<\/span><\/span><\/span> <span style=\"color: #000000;\"><span style=\"font-family: Times New Roman,serif;\"><span style=\"font-size: medium;\">la firma del contrato colectivo de Corpoelec beneficiando a m\u00e1s de 50 mil trabajadoras y trabajadores de todo el pa\u00eds, y concret\u00e1ndose ademas el<\/span><\/span><\/span> <span style=\"color: #000000;\"><span style=\"font-family: Times New Roman,serif;\"><span style=\"font-size: medium;\">p<\/span><\/span><\/span><span style=\"color: #000000;\"><span style=\"font-family: Times New Roman,serif;\"><span style=\"font-size: medium;\">ago del retroactivo derivado de la contrataci\u00f3n colectiva desde el a\u00f1o 2006. <\/span><\/span><\/span><\/p>\n<p class=\"western\" align=\"justify\"><span style=\"color: #000000;\"><span style=\"font-family: Times New Roman,serif;\"><span style=\"font-size: medium;\">Para la concienciaci\u00f3n de la poblaci\u00f3n venezolana en el uso racional y eficiente de la energ\u00eda el\u00e9ctrica se realizaron acciones como el lanzamiento de las campa\u00f1as comunicacionales \u201cEl Ni\u00f1o no es un juego, t\u00f3malo en serio\u201d y la quinta fase de la campa\u00f1a \u201cSoy Consciente, Consumo Eficiente\u201d, bajo el lema \u201cPreservar el Guri tambi\u00e9n depende ti\u201d. <\/span><\/span><\/span><\/p>\n<p class=\"western\" align=\"justify\"><span style=\"color: #000000;\"><span style=\"font-family: Times New Roman,serif;\"><span style=\"font-size: medium;\">Asimismo, se gestionaron acciones como la conformaci\u00f3n de las Unidades de Gesti\u00f3n Energ\u00e9tica en el sector p\u00fablico y el impulso del Programa de Uso Racional y Eficiencia de la Energ\u00eda El\u00e9ctrica, dentro del curr\u00edculo educativo desde la b\u00e1sica hasta la universitaria, para garantizar una poblaci\u00f3n que haga uso eficiente de la energ\u00eda electricidad.<\/span><\/span><\/span><\/p>\n<p class=\"western\" align=\"justify\"><span style=\"color: #000000;\"><span style=\"font-family: Times New Roman,serif;\"><span style=\"font-size: medium;\">Entre tanto, que para seguir fortaleciendo el Sistema El\u00e9ctrico Nacional (SEN)<\/span><\/span><\/span> <span style=\"color: #000000;\"><span style=\"font-family: Times New Roman,serif;\"><span style=\"font-size: medium;\">se logr\u00f3 la puesta en servicio de la planta desalinizadora en Planta Centro (Carabobo) y el incremento de la generaci\u00f3n termoel\u00e9ctrica en m\u00e1s de 1100 megavatios (MW)<\/span><\/span><\/span> <span style=\"color: #000000;\"><span style=\"font-family: Times New Roman,serif;\"><span style=\"font-size: medium;\">aproximadamente, tras la incorporaci\u00f3n de unidades en las plantas: Antonio Jos\u00e9 de Sucre, en el estado Sucre (300 MW); Alberto Lovera, en Anzo\u00e1tegui, (300 MW); San Diego de Cabrutica, en Anzo\u00e1tegui con dos unidades de 150 MW (300 MW); Barquisimeto III, en el estado Lara (90 MW) y en India Urqu\u00eda en el<\/span><\/span><\/span> <span style=\"color: #000000;\"><span style=\"font-family: Times New Roman,serif;\"><span style=\"font-size: medium;\">estado Miranda (144 MW).<\/span><\/span><\/span><\/p>\n<p class=\"western\" align=\"justify\"><span style=\"color: #000000;\"><span style=\"font-family: Times New Roman,serif;\"><span style=\"font-size: medium;\">Otro acierto para el SEN, fue el plan de mantenimiento <\/span><\/span><\/span><span style=\"color: #000000;\"><span style=\"font-family: Times New Roman,serif;\"><span style=\"font-size: medium;\">en las unidades de la Central Hidroel\u00e9ctrica Sim\u00f3n Bol\u00edvar, en Guri, y en la Central Hidroel\u00e9ctrica Antonio Jos\u00e9 de Sucre, en Macagua, ambas en el estado Bol\u00edvar.<\/span><\/span><\/span><\/p>\n<p class=\"western\" align=\"justify\"><span style=\"color: #000000;\"><span style=\"font-family: Times New Roman,serif;\"><span style=\"font-size: medium;\">Sin dejar a un lado que ante los planes de la derecha de buscar<\/span><\/span><\/span> <span style=\"color: #000000;\"><span style=\"font-family: Times New Roman,serif;\"><span style=\"font-size: medium;\">desestabilizar el Sistema El\u00e9ctrico<\/span><\/span><\/span> <span style=\"color: #000000;\"><span style=\"font-family: Times New Roman,serif;\"><span style=\"font-size: medium;\">para<\/span><\/span><\/span> <span style=\"color: #000000;\"><span style=\"font-family: Times New Roman,serif;\"><span style=\"font-size: medium;\">crear un caos a nivel nacional, el titular de la cartera el\u00e9ctrica tambi\u00e9n trabaj\u00f3 arduamente con la atenci\u00f3n inmediata a actos de sabotajes que arrojaron personas fallecidas.<\/span><\/span><\/span><\/p>\n<p class=\"western\" align=\"justify\"><span style=\"color: #000000;\"><span style=\"font-family: Times New Roman,serif;\"><span style=\"font-size: medium;\">Para los inicios de<\/span><\/span><\/span><span style=\"color: #000000;\"><span style=\"font-family: Times New Roman,serif;\"><span style=\"font-size: medium;\">l 2017 se lanza la quinta fase de la campa\u00f1a \u201cSoy Consciente, Consumo Eficiente\u201d, bajo el lema \u201cPreservar el Guri tambi\u00e9n depende ti\u201d, con el objetivo de seguir creando conciencia en la poblaci\u00f3n venezolana sobre la importancia de cuidar los recursos h\u00eddricos del pa\u00eds, principal fuente de generaci\u00f3n de energ\u00eda el\u00e9ctrica. <\/span><\/span><\/span><\/p>\n<p class=\"western\" align=\"justify\"><span style=\"color: #000000;\"><span style=\"font-family: Times New Roman,serif;\"><span style=\"font-size: medium;\">Cabe recordar que<\/span><\/span><\/span> <span style=\"color: #000000;\"><span style=\"font-family: Times New Roman,serif;\"><span style=\"font-size: medium;\">el ministro Motta Dom\u00ednguez <\/span><\/span><\/span><span style=\"font-family: Times New Roman,serif;\"><span style=\"font-size: medium;\">ejerci\u00f3 cargos como la presidencia de la empresa socialista Carreteras de Aragua, encargada de la vialidad en dicho estado en el 2015; mientras que en 2014 ejerci\u00f3 como ministro de Estado para la Regi\u00f3n Estrat\u00e9gica de Desarrollo Integral Central y fue presidente del Instituto Nacional de Tierras en 2012.<\/span><\/span><\/p>\n<p>&nbsp;<\/p>\n","protected":false},"excerpt":{"rendered":"<p>A finales del a\u00f1o 2009, un conjunto de circunstancias, como el fen\u00f3meno El Ni\u00f1o y los cambios clim\u00e1ticos que afectaron<\/p>\n","protected":false},"author":19,"featured_media":0,"parent":0,"menu_order":0,"comment_status":"closed","ping_status":"open","template":"","meta":{"footnotes":""},"class_list":["post-695","page","type-page","status-publish","hentry"],"_links":{"self":[{"href":"https:\/\/mppee.gob.ve\/index.php?rest_route=\/wp\/v2\/pages\/695","targetHints":{"allow":["GET"]}}],"collection":[{"href":"https:\/\/mppee.gob.ve\/index.php?rest_route=\/wp\/v2\/pages"}],"about":[{"href":"https:\/\/mppee.gob.ve\/index.php?rest_route=\/wp\/v2\/types\/page"}],"author":[{"embeddable":true,"href":"https:\/\/mppee.gob.ve\/index.php?rest_route=\/wp\/v2\/users\/19"}],"replies":[{"embeddable":true,"href":"https:\/\/mppee.gob.ve\/index.php?rest_route=%2Fwp%2Fv2%2Fcomments&post=695"}],"version-history":[{"count":1,"href":"https:\/\/mppee.gob.ve\/index.php?rest_route=\/wp\/v2\/pages\/695\/revisions"}],"predecessor-version":[{"id":89198,"href":"https:\/\/mppee.gob.ve\/index.php?rest_route=\/wp\/v2\/pages\/695\/revisions\/89198"}],"wp:attachment":[{"href":"https:\/\/mppee.gob.ve\/index.php?rest_route=%2Fwp%2Fv2%2Fmedia&parent=695"}],"curies":[{"name":"wp","href":"https:\/\/api.w.org\/{rel}","templated":true}]}}