{"id":760,"date":"2014-08-19T21:36:55","date_gmt":"2014-08-20T02:06:55","guid":{"rendered":"http:\/\/10.200.87.50\/mppee\/?page_id=760"},"modified":"2026-04-14T19:03:15","modified_gmt":"2026-04-14T19:03:15","slug":"tramites-administrativos","status":"publish","type":"page","link":"https:\/\/mppee.gob.ve\/?page_id=760","title":{"rendered":"Tr\u00e1mites Administrativos"},"content":{"rendered":"<div class=\"su-list\" style=\"margin-left:0px\">\n<ul>\n<li><i class=\"sui sui-chevron-circle-right\" style=\"color:#C71B1B\"><\/i> <a title=\"Solicitud de aprobacion de planes de ahorro y eficiencia energetica para personas juridicas y organismos del estado\" href=\"http:\/\/10.200.87.50\/mppee\/index.php\/solicitud-de-aprobacion-de-planes-de-ahorro-y-eficiencia-energetica-para-personas-juridicas-y-organismos-del-estado\/\">Solicitud de aprobaci\u00f3n de planes de ahorro y eficiencia energ\u00e9tica para personas jur\u00eddicas y organismos del estado.<\/a><\/li>\n<\/ul>\n<ul>\n<li><i class=\"sui sui-chevron-circle-right\" style=\"color:#C71B1B\"><\/i> <a title=\"Solicitud de Atencion de Reclamos Denuncias o Sugerencias para personas naturales y juridicas.\" href=\"http:\/\/10.200.87.50\/mppee\/index.php\/solicitud-de-atencion-de-reclamos-denuncias-o-sugerencias-para-personas-naturales-y-juridicas\/\">Solicitud de Atenci\u00f3n de Reclamos Denuncias o Sugerencias para personas naturales y jur\u00eddicas.<\/a><\/li>\n<\/ul>\n<ul>\n<li><i class=\"sui sui-chevron-circle-right\" style=\"color:#C71B1B\"><\/i> <a title=\"Solicitud de Certificado de Exoneraci\u00f3n del Impuesto al Valor Agregado para personas jur\u00eddicas.\" href=\"http:\/\/10.200.87.50\/mppee\/index.php\/solicitud-de-certificado-de-exoneracion-del-impuesto-al-valor-agregado-para-personas-juridicas\/\">Solicitud de Certificado de Exoneraci\u00f3n del Impuesto al Valor Agregado para personas jur\u00eddicas.<\/a><\/li>\n<\/ul>\n<ul>\n<li><i class=\"sui sui-chevron-circle-right\" style=\"color:#C71B1B\"><\/i> <a title=\"Solicitud de copias certificadas de documentos para personas naturales y jur\u00eddicas\" href=\"http:\/\/10.200.87.50\/mppee\/index.php\/solicitud-de-copias-certificadas-de-documentos-para-personas-naturales-y-juridicas-2\/\">Solicitud de Copias Certificadas de Documentos para personas naturales y jur\u00eddicas.<\/a><\/li>\n<\/ul>\n<ul>\n<li><i class=\"sui sui-chevron-circle-right\" style=\"color:#C71B1B\"><\/i> <a title=\"Solicitud de Habilitaci\u00f3n para Autogeneraci\u00f3n para personas naturales y jur\u00eddicas\" href=\"http:\/\/10.200.87.50\/mppee\/index.php\/solicitud-de-habilitacion-para-autogeneracion-para-personas-naturales-y-juridicas\/\">Recaudos para Solicitud de Habilitaci\u00f3n para Autogeneraci\u00f3n para personas naturales y jur\u00eddicas.<\/a><\/li>\n<\/ul>\n<ul>\n<li><i class=\"sui sui-chevron-circle-right\" style=\"color:#C71B1B\"><\/i> <a title=\"Solicitud de Inscripci\u00f3n en el Registro Nacional de Energ\u00edas Renovables para personas naturales y jur\u00eddicas\" href=\"http:\/\/10.200.87.50\/mppee\/index.php\/solicitud-de-inscripcion-en-el-registro-nacional-de-energias-renovables-para-personas-naturales-y-juridicas\/\">Solicitud de Inscripci\u00f3n en el Registro Nacional de Energ\u00edas Renovables para personas naturales y jur\u00eddicas.<\/a><\/li>\n<\/ul>\n<ul>\n<li><i class=\"sui sui-chevron-circle-right\" style=\"color:#C71B1B\"><\/i> <a title=\"Solicitud de Inscripcion en el Registros de Grupos de Gestion de la Energia para personas naturales y juridicas\" href=\"http:\/\/10.200.87.50\/mppee\/index.php\/solicitud-de-inscripcion-en-el-registros-de-grupos-de-gestion-de-la-energia-para-personas-naturales-y-juridicas\/\">Solicitud de Inscripci\u00f3n en el Registro de Grupos de Gesti\u00f3n de la Energ\u00eda para personas naturales y jur\u00eddicas.<\/a><\/li>\n<\/ul>\n<\/div>\n","protected":false},"excerpt":{"rendered":"","protected":false},"author":19,"featured_media":0,"parent":0,"menu_order":0,"comment_status":"closed","ping_status":"closed","template":"","meta":{"footnotes":""},"class_list":["post-760","page","type-page","status-publish","hentry"],"_links":{"self":[{"href":"https:\/\/mppee.gob.ve\/index.php?rest_route=\/wp\/v2\/pages\/760","targetHints":{"allow":["GET"]}}],"collection":[{"href":"https:\/\/mppee.gob.ve\/index.php?rest_route=\/wp\/v2\/pages"}],"about":[{"href":"https:\/\/mppee.gob.ve\/index.php?rest_route=\/wp\/v2\/types\/page"}],"author":[{"embeddable":true,"href":"https:\/\/mppee.gob.ve\/index.php?rest_route=\/wp\/v2\/users\/19"}],"replies":[{"embeddable":true,"href":"https:\/\/mppee.gob.ve\/index.php?rest_route=%2Fwp%2Fv2%2Fcomments&post=760"}],"version-history":[{"count":4,"href":"https:\/\/mppee.gob.ve\/index.php?rest_route=\/wp\/v2\/pages\/760\/revisions"}],"predecessor-version":[{"id":105826,"href":"https:\/\/mppee.gob.ve\/index.php?rest_route=\/wp\/v2\/pages\/760\/revisions\/105826"}],"wp:attachment":[{"href":"https:\/\/mppee.gob.ve\/index.php?rest_route=%2Fwp%2Fv2%2Fmedia&parent=760"}],"curies":[{"name":"wp","href":"https:\/\/api.w.org\/{rel}","templated":true}]}}