{"id":81881,"date":"2017-09-19T09:57:50","date_gmt":"2017-09-19T14:27:50","guid":{"rendered":"http:\/\/10.200.87.50\/mppee\/?page_id=81881"},"modified":"2025-02-19T22:20:48","modified_gmt":"2025-02-19T22:20:48","slug":"requisitos-para-la-postulacion-a-actividades-dentro-del-programa-de-cooperacion-tecnica-del-oiea","status":"publish","type":"page","link":"https:\/\/mppee.gob.ve\/?page_id=81881","title":{"rendered":"Entes Adscritos"},"content":{"rendered":"<ul>\n<li><a href=\"http:\/\/www.corpoelec.gob.ve\/\">Corporaci\u00f3n El\u00e9ctrica Nacional (Corpoelec).<\/a><\/li>\n<li><a href=\"https:\/\/www.instagram.com\/corpoelecindustrial\/?hl=es\">Corporaci\u00f3n Industrial para la Energ\u00eda El\u00e9ctrica S.A (Corpoelec Industrial).<\/a><\/li>\n<li>\n<p class=\"western\" lang=\"es-VE\" align=\"justify\"><a href=\"http:\/\/www.fundelec.gob.ve\/\">Fundaci\u00f3n para el Desarrollo del Servicio El\u00e9ctrico (Fundelec).<\/a><\/p>\n<\/li>\n<li><a href=\"https:\/\/www.instagram.com\/fidelz_vzla?igsh=b2Q2YmkwNm96dXQ5\">Instituto para el Desarrollo Energ\u00e9tico Fundaci\u00f3n \u00abDon Luis Zambrano\u00bb (Fidelz).<\/a><\/li>\n<li><a href=\"https:\/\/www.instagram.com\/asoelec.oficial\/?hl=es\">Asociaci\u00f3n Civil del Ministerio del Poder Popular para la Energ\u00eda El\u00e9ctrica (Asoelec).<\/a><\/li>\n<li><a href=\"https:\/\/fasmee.gob.ve\/\">Fondo Autoadministrado de Salud para el Ministerio del Poder Popular para la Energ\u00eda El\u00e9ctrica (Fasmee).<\/a><\/li>\n<li><a href=\"https:\/\/www.instagram.com\/funsasen\/?hl=en\">Fundaci\u00f3n Servicio de Alimentaci\u00f3n del Sector El\u00e9ctrico Nacional (Funsasen).<\/a><\/li>\n<li><a href=\"https:\/\/edcnetwork.co.ve\/\">EDC Network Comunicaciones.<\/a><\/li>\n<li><a href=\"https:\/\/www.instagram.com\/procedatos1\/\">Procesamiento Electr\u00f3nico de Datos (Procedatos).<\/a><\/li>\n<li><a href=\"https:\/\/www.instagram.com\/commovil_vzla\/?hl=en\">Comunicaciones M\u00f3viles EDC (Commovil).<\/a><\/li>\n<li><a href=\"https:\/\/www.instagram.com\/inmobiliariaaracoi\/\">Inmobiliaria Aracoi (Aracoi).<\/a><\/li>\n<li><a href=\"https:\/\/www.instagram.com\/adminrserdeco\/\">Administradora Serdeco C.A.<\/a><\/li>\n<\/ul>\n","protected":false},"excerpt":{"rendered":"<p>Corporaci\u00f3n El\u00e9ctrica Nacional (Corpoelec). Corporaci\u00f3n Industrial para la Energ\u00eda El\u00e9ctrica S.A (Corpoelec Industrial). Fundaci\u00f3n para el Desarrollo del Servicio El\u00e9ctrico<\/p>\n","protected":false},"author":19,"featured_media":0,"parent":1285,"menu_order":0,"comment_status":"closed","ping_status":"closed","template":"","meta":{"footnotes":""},"class_list":["post-81881","page","type-page","status-publish","hentry"],"_links":{"self":[{"href":"https:\/\/mppee.gob.ve\/index.php?rest_route=\/wp\/v2\/pages\/81881","targetHints":{"allow":["GET"]}}],"collection":[{"href":"https:\/\/mppee.gob.ve\/index.php?rest_route=\/wp\/v2\/pages"}],"about":[{"href":"https:\/\/mppee.gob.ve\/index.php?rest_route=\/wp\/v2\/types\/page"}],"author":[{"embeddable":true,"href":"https:\/\/mppee.gob.ve\/index.php?rest_route=\/wp\/v2\/users\/19"}],"replies":[{"embeddable":true,"href":"https:\/\/mppee.gob.ve\/index.php?rest_route=%2Fwp%2Fv2%2Fcomments&post=81881"}],"version-history":[{"count":14,"href":"https:\/\/mppee.gob.ve\/index.php?rest_route=\/wp\/v2\/pages\/81881\/revisions"}],"predecessor-version":[{"id":94826,"href":"https:\/\/mppee.gob.ve\/index.php?rest_route=\/wp\/v2\/pages\/81881\/revisions\/94826"}],"up":[{"embeddable":true,"href":"https:\/\/mppee.gob.ve\/index.php?rest_route=\/wp\/v2\/pages\/1285"}],"wp:attachment":[{"href":"https:\/\/mppee.gob.ve\/index.php?rest_route=%2Fwp%2Fv2%2Fmedia&parent=81881"}],"curies":[{"name":"wp","href":"https:\/\/api.w.org\/{rel}","templated":true}]}}