{"id":81924,"date":"2018-11-08T19:51:45","date_gmt":"2018-11-08T19:51:45","guid":{"rendered":"http:\/\/localhost\/mppeenet\/?page_id=81924"},"modified":"2025-04-24T19:51:43","modified_gmt":"2025-04-24T19:51:43","slug":"revistas","status":"publish","type":"page","link":"https:\/\/mppee.gob.ve\/?page_id=81924","title":{"rendered":"Podcast | Energ\u00eda en L\u00ednea"},"content":{"rendered":"\n<p><strong>Energ\u00eda en L\u00ednea | N\u00b0 1<\/strong><\/p>\n\n\n\n<p>La energ\u00eda el\u00e9ctrica tiene una importante presencia en nuestra vida cotidiana: nos permite cocinar nuestros alimentos, climatizar nuestro ambiente, iluminar espacios oscuros y comunicarnos. <\/p>\n\n\n\n<p>\u00bfTe gustar\u00eda conocer m\u00e1s? M\u00e1s detalles en nuestro primer episodio.<\/p>\n\n\n\n<figure class=\"wp-block-audio\"><audio controls src=\"http:\/\/mppee.gob.ve\/wp-content\/uploads\/2025\/04\/Energia-en-Linea-N\u00b0-1-Ministerio-de-Energia-Electrica-Venezuela.mp3\"><\/audio><\/figure>\n\n\n\n<div class=\"wp-block-columns is-layout-flex wp-container-core-columns-is-layout-9d6595d7 wp-block-columns-is-layout-flex\">\n<div class=\"wp-block-column is-layout-flow wp-block-column-is-layout-flow\" style=\"flex-basis:100%\">\n<p><a href=\"https:\/\/youtu.be\/ZdZoZ8blDCc\">https:\/\/youtu.be\/ZdZoZ8blDCc<\/a><\/p>\n<\/div>\n<\/div>\n\n\n\n<p><strong>Energ\u00eda en L\u00ednea | N\u00b0 2<\/strong><\/p>\n\n\n\n<p>La Central Hidroel\u00e9ctrica \u201cSim\u00f3n Bol\u00edvar\u201d es una fuente de energ\u00eda alternativa, siendo adem\u00e1s la segunda de Am\u00e9rica Latina por su capacidad. \u00bfQuieres saber m\u00e1s? Escucha el nuevo episodio de Energ\u00eda en L\u00ednea.<\/p>\n\n\n\n<figure class=\"wp-block-audio\"><audio controls src=\"http:\/\/mppee.gob.ve\/wp-content\/uploads\/2025\/04\/Energia-en-Linea-N\u00b0-2-Ministerio-de-Energia-Electrica-Venezuela-1.mp3\"><\/audio><\/figure>\n\n\n\n<p><strong>Energ\u00eda en L\u00ednea | N\u00b0 3<\/strong><\/p>\n\n\n\n<p>Las energ\u00edas alternativas representan una oportunidad para reducir la dependencia de los combustibles f\u00f3siles y aumentar la seguridad energ\u00e9tica. Ent\u00e9rate de m\u00e1s en el nuevo episodio de #Energ\u00edaEnL\u00ednea.<\/p>\n\n\n\n<figure class=\"wp-block-audio\"><audio controls src=\"http:\/\/mppee.gob.ve\/wp-content\/uploads\/2025\/04\/Energia-en-Linea-N\u00b0-3-Ministerio-de-Energia-Electrica-Venezuela.mp3\"><\/audio><\/figure>\n","protected":false},"excerpt":{"rendered":"<p>Energ\u00eda en L\u00ednea | N\u00b0 1 La energ\u00eda el\u00e9ctrica tiene una importante presencia en nuestra vida cotidiana: nos permite cocinar<\/p>\n","protected":false},"author":19,"featured_media":90954,"parent":81919,"menu_order":0,"comment_status":"closed","ping_status":"closed","template":"","meta":{"footnotes":""},"class_list":["post-81924","page","type-page","status-publish","has-post-thumbnail","hentry"],"_links":{"self":[{"href":"https:\/\/mppee.gob.ve\/index.php?rest_route=\/wp\/v2\/pages\/81924","targetHints":{"allow":["GET"]}}],"collection":[{"href":"https:\/\/mppee.gob.ve\/index.php?rest_route=\/wp\/v2\/pages"}],"about":[{"href":"https:\/\/mppee.gob.ve\/index.php?rest_route=\/wp\/v2\/types\/page"}],"author":[{"embeddable":true,"href":"https:\/\/mppee.gob.ve\/index.php?rest_route=\/wp\/v2\/users\/19"}],"replies":[{"embeddable":true,"href":"https:\/\/mppee.gob.ve\/index.php?rest_route=%2Fwp%2Fv2%2Fcomments&post=81924"}],"version-history":[{"count":44,"href":"https:\/\/mppee.gob.ve\/index.php?rest_route=\/wp\/v2\/pages\/81924\/revisions"}],"predecessor-version":[{"id":96488,"href":"https:\/\/mppee.gob.ve\/index.php?rest_route=\/wp\/v2\/pages\/81924\/revisions\/96488"}],"up":[{"embeddable":true,"href":"https:\/\/mppee.gob.ve\/index.php?rest_route=\/wp\/v2\/pages\/81919"}],"wp:featuredmedia":[{"embeddable":true,"href":"https:\/\/mppee.gob.ve\/index.php?rest_route=\/wp\/v2\/media\/90954"}],"wp:attachment":[{"href":"https:\/\/mppee.gob.ve\/index.php?rest_route=%2Fwp%2Fv2%2Fmedia&parent=81924"}],"curies":[{"name":"wp","href":"https:\/\/api.w.org\/{rel}","templated":true}]}}