{"id":88883,"date":"2023-03-30T18:29:29","date_gmt":"2023-03-30T18:29:29","guid":{"rendered":"http:\/\/10.200.87.50\/mppee\/?page_id=88883"},"modified":"2023-07-28T19:20:25","modified_gmt":"2023-07-28T19:20:25","slug":"anuncio-de-suspension","status":"publish","type":"page","link":"https:\/\/mppee.gob.ve\/?page_id=88883","title":{"rendered":"Anuncio de Suspensi\u00f3n"},"content":{"rendered":"<p style=\"text-align: justify;\">La Corporaci\u00f3n El\u00e9ctrica Nacional S.A. (Corpoelec), informa que todos los plazos de prescripci\u00f3n y caducidad, aplicables a los bonos y a las acciones de ejecuci\u00f3n, ya sea en virtud de la legislaci\u00f3n de New York, la legislaci\u00f3n venezolana o cualquier otra, quedar\u00e1 diferido y suspendido.<\/p>\n<ul>\n<li><a href=\"http:\/\/10.200.87.50\/mppee\/wp-content\/uploads\/2023\/03\/CORPOELEC-Tolling-Announcement-Draft-30.03.2023-ESPv3-definitivo.pdf\">Comunicado<\/a><\/li>\n<li><a href=\"http:\/\/10.200.87.50\/mppee\/wp-content\/uploads\/2023\/03\/CORPOELEC-Bond-Annex-29.03.2023-ESP2.pdf\">Anexo<\/a><\/li>\n<\/ul>\n<p style=\"text-align: justify;\">La Corporaci\u00f3n El\u00e9ctrica Nacional S.A. announces (the \u201cAnnouncement\u201d): all statute of limitations and prescription periods (each an \u201cSOL Period\u201d) applicable to the Bonds and Enforcement Actions, whether under New York law, Venezuelan law or otherwise, shall be tolled and suspended.<\/p>\n<ul>\n<li><a href=\"http:\/\/10.200.87.50\/mppee\/wp-content\/uploads\/2023\/03\/CORPOELEC-Tolling-Announcement-Draft-30.03.2023-ENGv3-definitivo.pdf\" target=\"_blank\" rel=\"noopener noreferrer\">Announcment<\/a><\/li>\n<li><a href=\"http:\/\/10.200.87.50\/mppee\/wp-content\/uploads\/2023\/03\/CORPOELEC-Bond-Annex-29.03.2023-ENG1.pdf\">Annex<\/a><\/li>\n<\/ul>\n","protected":false},"excerpt":{"rendered":"<p>La Corporaci\u00f3n El\u00e9ctrica Nacional S.A. (Corpoelec), informa que todos los plazos de prescripci\u00f3n y caducidad, aplicables a los bonos y<\/p>\n","protected":false},"author":12,"featured_media":0,"parent":0,"menu_order":0,"comment_status":"closed","ping_status":"closed","template":"","meta":{"footnotes":""},"class_list":["post-88883","page","type-page","status-publish","hentry"],"_links":{"self":[{"href":"https:\/\/mppee.gob.ve\/index.php?rest_route=\/wp\/v2\/pages\/88883","targetHints":{"allow":["GET"]}}],"collection":[{"href":"https:\/\/mppee.gob.ve\/index.php?rest_route=\/wp\/v2\/pages"}],"about":[{"href":"https:\/\/mppee.gob.ve\/index.php?rest_route=\/wp\/v2\/types\/page"}],"author":[{"embeddable":true,"href":"https:\/\/mppee.gob.ve\/index.php?rest_route=\/wp\/v2\/users\/12"}],"replies":[{"embeddable":true,"href":"https:\/\/mppee.gob.ve\/index.php?rest_route=%2Fwp%2Fv2%2Fcomments&post=88883"}],"version-history":[{"count":5,"href":"https:\/\/mppee.gob.ve\/index.php?rest_route=\/wp\/v2\/pages\/88883\/revisions"}],"predecessor-version":[{"id":88897,"href":"https:\/\/mppee.gob.ve\/index.php?rest_route=\/wp\/v2\/pages\/88883\/revisions\/88897"}],"wp:attachment":[{"href":"https:\/\/mppee.gob.ve\/index.php?rest_route=%2Fwp%2Fv2%2Fmedia&parent=88883"}],"curies":[{"name":"wp","href":"https:\/\/api.w.org\/{rel}","templated":true}]}}